{"id":54,"date":"2017-03-13T10:56:05","date_gmt":"2017-03-13T10:56:05","guid":{"rendered":"http:\/\/bengalkatzen-blog.com\/?page_id=54"},"modified":"2017-03-13T12:39:20","modified_gmt":"2017-03-13T12:39:20","slug":"rasse-und-herkunft","status":"publish","type":"page","link":"https:\/\/bengalkatzen-blog.com\/?page_id=54","title":{"rendered":"Rasse und Herkunft"},"content":{"rendered":"<h1>Grunds\u00e4tzliches:<\/h1>\n<p>Die <strong>Bengalkatze<\/strong> (englisch <strong>bengal<\/strong> oder <strong>bengal cat<\/strong>; alte deutsche Bezeichnung auch <strong>Leopardette<\/strong>) ist eine Rassekatze. Sie ging aus der Kreuzung der asiatischen Leopardenkatze (<em><a href=\"https:\/\/de.wikipedia.org\/wiki\/Prionailurus_bengalensis\">Prionailurus bengalensis<\/a><\/em>) \u2013 eine Wildkatze \u2013 mit einer kurzhaarigen Hauskatze hervor. Damit geh\u00f6rt die Bengalkatze zu den Hybriden.<\/p>\n<p>Bengalkatzen sind mittelgro\u00dfe bis gro\u00dfe Hauskatzen bei einem Gewicht von cirka 5 bis 7 Kilo, sie sind muskul\u00f6s und kr\u00e4ftig und haben lange Beine, durch die sie ausgesprochen elegant wirken. Ihr Fell ist kurz, extrem seidig und weich. Sie haben den Ruf, allergikergeeignet zu sein. Weiteres hierzu lest Ihr hier..<a href=\"http:\/\/192.168.20.100\/OR\/10\/die-bengalkatze\/die-allergiker-katze\/\">Die Allergiker-Katze<\/a><\/p>\n<h2>Farben:<\/h2>\n<p>Erlaubte Farben sind Black (brown) tabbies, Seal points (snow, sepia, mink), Silber und Blau. Durch Einkreuzungen verschiedenster Rassen in den jungen Jahren der Bengal wurden auch rezessive Gene mitgegeben, welche wie folgt zum Tragen kommen: <strong>Blue<\/strong> (blau); <strong>Melanistic<\/strong> (schwarze Bengal, deren Zeichnung nur im Sonnenlicht erkennbar ist); <strong>Charcoal<\/strong> (rein schwarze Zeichnung auf eher grauem Untergrund); <strong>Langhaar<\/strong> \u2013 es gibt Bestrebungen, die Langhaarige Variante der Bengalen <em>Cashmere Bengalen<\/em> anerkennen zu lassen. Einige unabh\u00e4ngige Vereine haben sie schon als neue Rasse anerkannt \u2013 Pardinos.<\/p>\n<h2>Zeichnungen:<\/h2>\n<p>Bei den Zeichnungen (<a href=\"https:\/\/de.wikipedia.org\/wiki\/Tabby\">Tabby<\/a>) gibt es nur zwei Grundmuster: <em>marbled<\/em> und <em>spotted<\/em>. Genetisch gesehen ist <em>marbled<\/em> das von der Hauskatze bekannte gestromt (<em>classic<\/em> oder <em>blotched<\/em>). Marble wird rezessiv vererbt. <em>Spotted<\/em> kommt in verschiedenen Auspr\u00e4gungen vor, mit einfarbigen Tupfen, was <em>spotted<\/em> ja eigentlich bedeutet, oder mit zweifarbigen Tupfen, was dann als <em>rosetted<\/em> bezeichnet wird. Eine Streifenzeichnung wie bei der getigerten (<em>mackerel<\/em>) Hauskatze ist zumindest unerw\u00fcnscht, wenn es auf Ausstellungen nicht gar zur Disqualifizierung f\u00fchrt. Sparbled nennt man die Zeichnung des Fells, die weder Marmoriert (marbled) noch getupft (rossetiert) ist. Dies ist jedoch keine anerkannte Variet\u00e4t.<\/p>\n<div class=\"shariff shariff-align-left shariff-widget-align-left\"><ul class=\"shariff-buttons theme-grey orientation-horizontal buttonsize-medium\"><li class=\"shariff-button mastodon shariff-nocustomcolor\" style=\"background-color:#563ACC\"><a href=\"https:\/\/s2f.kytta.dev\/?text=Rasse%20und%20Herkunft https%3A%2F%2Fbengalkatzen-blog.com%2F%3Fpage_id%3D54\" title=\"Bei Mastodon teilen\" aria-label=\"Bei Mastodon teilen\" role=\"button\" rel=\"noopener nofollow\" class=\"shariff-link\" style=\"; background-color:#6364FF; color:#fff\" target=\"_blank\"><span class=\"shariff-icon\" style=\"\"><svg width=\"75\" height=\"79\" viewBox=\"0 0 75 79\" fill=\"none\" xmlns=\"http:\/\/www.w3.org\/2000\/svg\"><path d=\"M37.813-.025C32.462-.058 27.114.13 21.79.598c-8.544.621-17.214 5.58-20.203 13.931C-1.12 23.318.408 32.622.465 41.65c.375 7.316.943 14.78 3.392 21.73 4.365 9.465 14.781 14.537 24.782 15.385 7.64.698 15.761-.213 22.517-4.026a54.1 54.1 0 0 0 .01-6.232c-6.855 1.316-14.101 2.609-21.049 1.074-3.883-.88-6.876-4.237-7.25-8.215-1.53-3.988 3.78-.43 5.584-.883 9.048 1.224 18.282.776 27.303-.462 7.044-.837 14.26-4.788 16.65-11.833 2.263-6.135 1.215-12.79 1.698-19.177.06-3.84.09-7.692-.262-11.52C72.596 7.844 63.223.981 53.834.684a219.453 219.453 0 0 0-16.022-.71zm11.294 12.882c5.5-.067 10.801 4.143 11.67 9.653.338 1.48.471 3 .471 4.515v21.088h-8.357c-.07-7.588.153-15.182-.131-22.765-.587-4.368-7.04-5.747-9.672-2.397-2.422 3.04-1.47 7.155-1.67 10.735v6.392h-8.307c-.146-4.996.359-10.045-.404-15.002-1.108-4.218-7.809-5.565-10.094-1.666-1.685 3.046-.712 6.634-.976 9.936v14.767h-8.354c.109-8.165-.238-16.344.215-24.5.674-5.346 5.095-10.389 10.676-10.627 4.902-.739 10.103 2.038 12.053 6.631.375 1.435 1.76 1.932 1.994.084 1.844-3.704 5.501-6.739 9.785-6.771.367-.044.735-.068 1.101-.073z\"\/><defs><linearGradient id=\"paint0_linear_549_34\" x1=\"37.0692\" y1=\"0\" x2=\"37.0692\" y2=\"79\" gradientUnits=\"userSpaceOnUse\"><stop stop-color=\"#6364FF\"\/><stop offset=\"1\" stop-color=\"#563ACC\"\/><\/linearGradient><\/defs><\/svg><\/span><span class=\"shariff-text\">teilen<\/span>&nbsp;<\/a><\/li><li class=\"shariff-button facebook shariff-nocustomcolor\" style=\"background-color:#4273c8\"><a href=\"https:\/\/www.facebook.com\/sharer\/sharer.php?u=https%3A%2F%2Fbengalkatzen-blog.com%2F%3Fpage_id%3D54\" title=\"Bei Facebook teilen\" aria-label=\"Bei Facebook teilen\" role=\"button\" rel=\"nofollow\" class=\"shariff-link\" style=\"; background-color:#3b5998; color:#fff\" target=\"_blank\"><span class=\"shariff-icon\" style=\"\"><svg width=\"32px\" height=\"20px\" xmlns=\"http:\/\/www.w3.org\/2000\/svg\" viewBox=\"0 0 18 32\"><path fill=\"#3b5998\" d=\"M17.1 0.2v4.7h-2.8q-1.5 0-2.1 0.6t-0.5 1.9v3.4h5.2l-0.7 5.3h-4.5v13.6h-5.5v-13.6h-4.5v-5.3h4.5v-3.9q0-3.3 1.9-5.2t5-1.8q2.6 0 4.1 0.2z\"\/><\/svg><\/span><span class=\"shariff-text\">teilen<\/span>&nbsp;<\/a><\/li><li class=\"shariff-button linkedin shariff-nocustomcolor\" style=\"background-color:#1488bf\"><a href=\"https:\/\/www.linkedin.com\/sharing\/share-offsite\/?url=https%3A%2F%2Fbengalkatzen-blog.com%2F%3Fpage_id%3D54\" title=\"Bei LinkedIn teilen\" aria-label=\"Bei LinkedIn teilen\" role=\"button\" rel=\"noopener nofollow\" class=\"shariff-link\" style=\"; background-color:#0077b5; color:#fff\" target=\"_blank\"><span class=\"shariff-icon\" style=\"\"><svg width=\"32px\" height=\"20px\" xmlns=\"http:\/\/www.w3.org\/2000\/svg\" viewBox=\"0 0 27 32\"><path fill=\"#0077b5\" d=\"M6.2 11.2v17.7h-5.9v-17.7h5.9zM6.6 5.7q0 1.3-0.9 2.2t-2.4 0.9h0q-1.5 0-2.4-0.9t-0.9-2.2 0.9-2.2 2.4-0.9 2.4 0.9 0.9 2.2zM27.4 18.7v10.1h-5.9v-9.5q0-1.9-0.7-2.9t-2.3-1.1q-1.1 0-1.9 0.6t-1.2 1.5q-0.2 0.5-0.2 1.4v9.9h-5.9q0-7.1 0-11.6t0-5.3l0-0.9h5.9v2.6h0q0.4-0.6 0.7-1t1-0.9 1.6-0.8 2-0.3q3 0 4.9 2t1.9 6z\"\/><\/svg><\/span><span class=\"shariff-text\">teilen<\/span>&nbsp;<\/a><\/li><li class=\"shariff-button info shariff-nocustomcolor\" style=\"background-color:#a8a8a8\"><a href=\"http:\/\/ct.de\/-2467514\" title=\"Weitere Informationen\" aria-label=\"Weitere Informationen\" role=\"button\" rel=\"noopener \" class=\"shariff-link\" style=\"; background-color:#999; color:#fff\" target=\"_blank\"><span class=\"shariff-icon\" style=\"\"><svg width=\"32px\" height=\"20px\" xmlns=\"http:\/\/www.w3.org\/2000\/svg\" viewBox=\"0 0 11 32\"><path fill=\"#999\" d=\"M11.4 24v2.3q0 0.5-0.3 0.8t-0.8 0.4h-9.1q-0.5 0-0.8-0.4t-0.4-0.8v-2.3q0-0.5 0.4-0.8t0.8-0.4h1.1v-6.8h-1.1q-0.5 0-0.8-0.4t-0.4-0.8v-2.3q0-0.5 0.4-0.8t0.8-0.4h6.8q0.5 0 0.8 0.4t0.4 0.8v10.3h1.1q0.5 0 0.8 0.4t0.3 0.8zM9.2 3.4v3.4q0 0.5-0.4 0.8t-0.8 0.4h-4.6q-0.4 0-0.8-0.4t-0.4-0.8v-3.4q0-0.4 0.4-0.8t0.8-0.4h4.6q0.5 0 0.8 0.4t0.4 0.8z\"\/><\/svg><\/span><\/a><\/li><\/ul><\/div>","protected":false},"excerpt":{"rendered":"<p>Grunds\u00e4tzliches: Die Bengalkatze (englisch bengal oder bengal cat; alte deutsche Bezeichnung auch Leopardette) ist eine Rassekatze. Sie ging aus der Kreuzung der asiatischen Leopardenkatze (Prionailurus bengalensis) \u2013 eine Wildkatze \u2013 mit einer kurzhaarigen Hauskatze hervor. Damit geh\u00f6rt die Bengalkatze zu den Hybriden. Bengalkatzen sind mittelgro\u00dfe bis gro\u00dfe Hauskatzen bei einem Gewicht von cirka 5 bis &hellip; <\/p>\n<p class=\"link-more\"><a href=\"https:\/\/bengalkatzen-blog.com\/?page_id=54\" class=\"more-link\">Mehr <span class=\"screen-reader-text\">\u00fcber &#8222;Rasse und Herkunft&#8220; <\/span>Lesen<\/a><\/p>\n","protected":false},"author":1,"featured_media":0,"parent":89,"menu_order":0,"comment_status":"closed","ping_status":"closed","template":"","meta":{"inspiro_hide_title":false,"footnotes":""},"class_list":["post-54","page","type-page","status-publish","hentry"],"yoast_head":"<!-- This site is optimized with the Yoast SEO plugin v27.5 - https:\/\/yoast.com\/product\/yoast-seo-wordpress\/ -->\n<title>Rasse und Herkunft - Mein Bengalkatzen-Blog<\/title>\n<meta name=\"robots\" content=\"index, follow, max-snippet:-1, max-image-preview:large, max-video-preview:-1\" \/>\n<link rel=\"canonical\" href=\"https:\/\/bengalkatzen-blog.com\/?page_id=54\" \/>\n<meta property=\"og:locale\" content=\"de_DE\" \/>\n<meta property=\"og:type\" content=\"article\" \/>\n<meta property=\"og:title\" content=\"Rasse und Herkunft - Mein Bengalkatzen-Blog\" \/>\n<meta property=\"og:description\" content=\"Grunds\u00e4tzliches: Die Bengalkatze (englisch bengal oder bengal cat; alte deutsche Bezeichnung auch Leopardette) ist eine Rassekatze. Sie ging aus der Kreuzung der asiatischen Leopardenkatze (Prionailurus bengalensis) \u2013 eine Wildkatze \u2013 mit einer kurzhaarigen Hauskatze hervor. Damit geh\u00f6rt die Bengalkatze zu den Hybriden. Bengalkatzen sind mittelgro\u00dfe bis gro\u00dfe Hauskatzen bei einem Gewicht von cirka 5 bis &hellip; Mehr \u00fcber &quot;Rasse und Herkunft&quot; Lesen\" \/>\n<meta property=\"og:url\" content=\"https:\/\/bengalkatzen-blog.com\/?page_id=54\" \/>\n<meta property=\"og:site_name\" content=\"Mein Bengalkatzen-Blog\" \/>\n<meta property=\"article:modified_time\" content=\"2017-03-13T12:39:20+00:00\" \/>\n<meta name=\"twitter:card\" content=\"summary_large_image\" \/>\n<meta name=\"twitter:label1\" content=\"Gesch\u00e4tzte Lesezeit\" \/>\n\t<meta name=\"twitter:data1\" content=\"1\u00a0Minute\" \/>\n<script type=\"application\/ld+json\" class=\"yoast-schema-graph\">{\"@context\":\"https:\\\/\\\/schema.org\",\"@graph\":[{\"@type\":\"WebPage\",\"@id\":\"https:\\\/\\\/bengalkatzen-blog.com\\\/?page_id=54\",\"url\":\"https:\\\/\\\/bengalkatzen-blog.com\\\/?page_id=54\",\"name\":\"Rasse und Herkunft - Mein Bengalkatzen-Blog\",\"isPartOf\":{\"@id\":\"https:\\\/\\\/bengalkatzen-blog.com\\\/#website\"},\"datePublished\":\"2017-03-13T10:56:05+00:00\",\"dateModified\":\"2017-03-13T12:39:20+00:00\",\"breadcrumb\":{\"@id\":\"https:\\\/\\\/bengalkatzen-blog.com\\\/?page_id=54#breadcrumb\"},\"inLanguage\":\"de\",\"potentialAction\":[{\"@type\":\"ReadAction\",\"target\":[\"https:\\\/\\\/bengalkatzen-blog.com\\\/?page_id=54\"]}]},{\"@type\":\"BreadcrumbList\",\"@id\":\"https:\\\/\\\/bengalkatzen-blog.com\\\/?page_id=54#breadcrumb\",\"itemListElement\":[{\"@type\":\"ListItem\",\"position\":1,\"name\":\"Startseite\",\"item\":\"https:\\\/\\\/bengalkatzen-blog.com\\\/\"},{\"@type\":\"ListItem\",\"position\":2,\"name\":\"Die Bengalkatze\",\"item\":\"https:\\\/\\\/bengalkatzen-blog.com\\\/?page_id=89\"},{\"@type\":\"ListItem\",\"position\":3,\"name\":\"Rasse und Herkunft\"}]},{\"@type\":\"WebSite\",\"@id\":\"https:\\\/\\\/bengalkatzen-blog.com\\\/#website\",\"url\":\"https:\\\/\\\/bengalkatzen-blog.com\\\/\",\"name\":\"Mein Bengalkatzen-Blog\",\"description\":\"f\u00fcr Katzenliebhaber\",\"potentialAction\":[{\"@type\":\"SearchAction\",\"target\":{\"@type\":\"EntryPoint\",\"urlTemplate\":\"https:\\\/\\\/bengalkatzen-blog.com\\\/?s={search_term_string}\"},\"query-input\":{\"@type\":\"PropertyValueSpecification\",\"valueRequired\":true,\"valueName\":\"search_term_string\"}}],\"inLanguage\":\"de\"}]}<\/script>\n<!-- \/ Yoast SEO plugin. -->","yoast_head_json":{"title":"Rasse und Herkunft - Mein Bengalkatzen-Blog","robots":{"index":"index","follow":"follow","max-snippet":"max-snippet:-1","max-image-preview":"max-image-preview:large","max-video-preview":"max-video-preview:-1"},"canonical":"https:\/\/bengalkatzen-blog.com\/?page_id=54","og_locale":"de_DE","og_type":"article","og_title":"Rasse und Herkunft - Mein Bengalkatzen-Blog","og_description":"Grunds\u00e4tzliches: Die Bengalkatze (englisch bengal oder bengal cat; alte deutsche Bezeichnung auch Leopardette) ist eine Rassekatze. Sie ging aus der Kreuzung der asiatischen Leopardenkatze (Prionailurus bengalensis) \u2013 eine Wildkatze \u2013 mit einer kurzhaarigen Hauskatze hervor. Damit geh\u00f6rt die Bengalkatze zu den Hybriden. Bengalkatzen sind mittelgro\u00dfe bis gro\u00dfe Hauskatzen bei einem Gewicht von cirka 5 bis &hellip; Mehr \u00fcber \"Rasse und Herkunft\" Lesen","og_url":"https:\/\/bengalkatzen-blog.com\/?page_id=54","og_site_name":"Mein Bengalkatzen-Blog","article_modified_time":"2017-03-13T12:39:20+00:00","twitter_card":"summary_large_image","twitter_misc":{"Gesch\u00e4tzte Lesezeit":"1\u00a0Minute"},"schema":{"@context":"https:\/\/schema.org","@graph":[{"@type":"WebPage","@id":"https:\/\/bengalkatzen-blog.com\/?page_id=54","url":"https:\/\/bengalkatzen-blog.com\/?page_id=54","name":"Rasse und Herkunft - Mein Bengalkatzen-Blog","isPartOf":{"@id":"https:\/\/bengalkatzen-blog.com\/#website"},"datePublished":"2017-03-13T10:56:05+00:00","dateModified":"2017-03-13T12:39:20+00:00","breadcrumb":{"@id":"https:\/\/bengalkatzen-blog.com\/?page_id=54#breadcrumb"},"inLanguage":"de","potentialAction":[{"@type":"ReadAction","target":["https:\/\/bengalkatzen-blog.com\/?page_id=54"]}]},{"@type":"BreadcrumbList","@id":"https:\/\/bengalkatzen-blog.com\/?page_id=54#breadcrumb","itemListElement":[{"@type":"ListItem","position":1,"name":"Startseite","item":"https:\/\/bengalkatzen-blog.com\/"},{"@type":"ListItem","position":2,"name":"Die Bengalkatze","item":"https:\/\/bengalkatzen-blog.com\/?page_id=89"},{"@type":"ListItem","position":3,"name":"Rasse und Herkunft"}]},{"@type":"WebSite","@id":"https:\/\/bengalkatzen-blog.com\/#website","url":"https:\/\/bengalkatzen-blog.com\/","name":"Mein Bengalkatzen-Blog","description":"f\u00fcr Katzenliebhaber","potentialAction":[{"@type":"SearchAction","target":{"@type":"EntryPoint","urlTemplate":"https:\/\/bengalkatzen-blog.com\/?s={search_term_string}"},"query-input":{"@type":"PropertyValueSpecification","valueRequired":true,"valueName":"search_term_string"}}],"inLanguage":"de"}]}},"_links":{"self":[{"href":"https:\/\/bengalkatzen-blog.com\/index.php?rest_route=\/wp\/v2\/pages\/54","targetHints":{"allow":["GET"]}}],"collection":[{"href":"https:\/\/bengalkatzen-blog.com\/index.php?rest_route=\/wp\/v2\/pages"}],"about":[{"href":"https:\/\/bengalkatzen-blog.com\/index.php?rest_route=\/wp\/v2\/types\/page"}],"author":[{"embeddable":true,"href":"https:\/\/bengalkatzen-blog.com\/index.php?rest_route=\/wp\/v2\/users\/1"}],"replies":[{"embeddable":true,"href":"https:\/\/bengalkatzen-blog.com\/index.php?rest_route=%2Fwp%2Fv2%2Fcomments&post=54"}],"version-history":[{"count":2,"href":"https:\/\/bengalkatzen-blog.com\/index.php?rest_route=\/wp\/v2\/pages\/54\/revisions"}],"predecessor-version":[{"id":120,"href":"https:\/\/bengalkatzen-blog.com\/index.php?rest_route=\/wp\/v2\/pages\/54\/revisions\/120"}],"up":[{"embeddable":true,"href":"https:\/\/bengalkatzen-blog.com\/index.php?rest_route=\/wp\/v2\/pages\/89"}],"wp:attachment":[{"href":"https:\/\/bengalkatzen-blog.com\/index.php?rest_route=%2Fwp%2Fv2%2Fmedia&parent=54"}],"curies":[{"name":"wp","href":"https:\/\/api.w.org\/{rel}","templated":true}]}}